{"id":454,"date":"2018-04-28T10:14:03","date_gmt":"2018-04-28T15:14:03","guid":{"rendered":"http:\/\/www.coacsantaanita.fin.ec\/sitio\/?page_id=454"},"modified":"2018-05-16T15:04:58","modified_gmt":"2018-05-16T20:04:58","slug":"escuela-financiera-que-es","status":"publish","type":"page","link":"https:\/\/www.coacsantaanita.fin.ec\/sitio\/escuela-financiera-que-es\/","title":{"rendered":"\u00bfQU\u00c9 ES?"},"content":{"rendered":"<div class=\"wpb-content-wrapper\"><p>[vc_row][vc_column][\/vc_column][\/vc_row][vc_row][vc_column width=\u00bb3\/4&#8243;]<div class=\"text_box  box_no_bgr \"><div class=\"text_box_content \"><h2><\/h2>\n\t\t\t\t\t<p><img loading=\"lazy\" decoding=\"async\" class=\"size-medium wp-image-631 aligncenter\" src=\"https:\/\/www.coacsantaanita.fin.ec\/sitio\/wp-content\/uploads\/2018\/05\/cooperativa-santa-anita-logo-escuela-financiera-300x300.png\" alt=\"cooperativa santa anita logo escuela financiera\" width=\"300\" height=\"300\" srcset=\"https:\/\/www.coacsantaanita.fin.ec\/sitio\/wp-content\/uploads\/2018\/05\/cooperativa-santa-anita-logo-escuela-financiera-300x300.png 300w, https:\/\/www.coacsantaanita.fin.ec\/sitio\/wp-content\/uploads\/2018\/05\/cooperativa-santa-anita-logo-escuela-financiera-150x150.png 150w, https:\/\/www.coacsantaanita.fin.ec\/sitio\/wp-content\/uploads\/2018\/05\/cooperativa-santa-anita-logo-escuela-financiera.png 342w\" sizes=\"(max-width: 300px) 100vw, 300px\" \/><\/p>\n<p>&nbsp;<\/p>\n<h2>\u00bfQU\u00c9 ES LA ESCUELA FINANCIERA?<\/h2>\n<p>El programa de Educaci\u00f3n Financiera (Escuela Financiera) con la metodolog\u00eda de Formador de Formadores tiene el objetivo de formar a socios, socias y clientes en temas relativos a Finanzas personales, familiares y del negocio. Este proceso incluye una capacitaci\u00f3n por nuestros colaboradores y el trabajo con nuestro propio material\u00a0 dise\u00f1ado para la ense\u00f1anza.<\/p>\n<p>Este programa inici\u00f3 en diciembre del 2016. Nuestro objetivo es lograr que al menos 100 personas se capaciten en cada m\u00f3dulo y generemos una cultura de desarrollo econ\u00f3mico en nuestros participantes.<\/p>\n\t\t\t\t<\/div><\/div>[\/vc_column][vc_column width=\u00bb1\/4&#8243;][vc_row_inner][vc_column_inner][\/vc_column_inner][\/vc_row_inner][vc_widget_sidebar sidebar_id=\u00bbshortcodes_sidebar\u00bb][\/vc_column][\/vc_row]<\/p>\n<\/div>","protected":false},"excerpt":{"rendered":"<p>[vc_row][vc_column][\/vc_column][\/vc_row][vc_row][vc_column width=\u00bb3\/4&#8243;][\/vc_column][vc_column width=\u00bb1\/4&#8243;][vc_row_inner][vc_column_inner][\/vc_column_inner][\/vc_row_inner][vc_widget_sidebar sidebar_id=\u00bbshortcodes_sidebar\u00bb][\/vc_column][\/vc_row]<\/p>\n","protected":false},"author":3,"featured_media":0,"parent":0,"menu_order":0,"comment_status":"closed","ping_status":"closed","template":"","meta":{"_monsterinsights_skip_tracking":false,"_monsterinsights_sitenote_active":false,"_monsterinsights_sitenote_note":"","_monsterinsights_sitenote_category":0,"_uf_show_specific_survey":0,"_uf_disable_surveys":false,"footnotes":""},"aioseo_notices":[],"_links":{"self":[{"href":"https:\/\/www.coacsantaanita.fin.ec\/sitio\/wp-json\/wp\/v2\/pages\/454"}],"collection":[{"href":"https:\/\/www.coacsantaanita.fin.ec\/sitio\/wp-json\/wp\/v2\/pages"}],"about":[{"href":"https:\/\/www.coacsantaanita.fin.ec\/sitio\/wp-json\/wp\/v2\/types\/page"}],"author":[{"embeddable":true,"href":"https:\/\/www.coacsantaanita.fin.ec\/sitio\/wp-json\/wp\/v2\/users\/3"}],"replies":[{"embeddable":true,"href":"https:\/\/www.coacsantaanita.fin.ec\/sitio\/wp-json\/wp\/v2\/comments?post=454"}],"version-history":[{"count":16,"href":"https:\/\/www.coacsantaanita.fin.ec\/sitio\/wp-json\/wp\/v2\/pages\/454\/revisions"}],"predecessor-version":[{"id":647,"href":"https:\/\/www.coacsantaanita.fin.ec\/sitio\/wp-json\/wp\/v2\/pages\/454\/revisions\/647"}],"wp:attachment":[{"href":"https:\/\/www.coacsantaanita.fin.ec\/sitio\/wp-json\/wp\/v2\/media?parent=454"}],"curies":[{"name":"wp","href":"https:\/\/api.w.org\/{rel}","templated":true}]}}