{"id":41,"date":"2018-03-16T16:35:08","date_gmt":"2018-03-16T21:35:08","guid":{"rendered":"http:\/\/www.coacsantaanita.fin.ec\/sitio\/?page_id=41"},"modified":"2025-01-27T17:09:01","modified_gmt":"2025-01-27T22:09:01","slug":"mision-vision","status":"publish","type":"page","link":"https:\/\/www.coacsantaanita.fin.ec\/sitio\/mision-vision\/","title":{"rendered":"MISI\u00d3N &#8211; VISI\u00d3N"},"content":{"rendered":"<div class=\"wpb-content-wrapper\"><p>[vc_row][vc_column][vc_single_image img_size=\u00bbmedium\u00bb alignment=\u00bbcenter\u00bb image=\u00bb2302&#8243;][\/vc_column][\/vc_row][vc_row][vc_column width=\u00bb1\/2&#8243;]<div class=\"text_box  box_no_bgr \"><div class=\"text_box_content \"><h2>Nuestra Misi\u00f3n<\/h2>\n\t\t\t\t\t<p>Impulsamos las microfinanzas como herramienta clave para la inclusi\u00f3n financiera, priorizando la sostenibilidad econ\u00f3mica, social y ambiental, mientras fomentamos la confianza, la innovaci\u00f3n y la equidad.<\/p>\n\t\t\t\t<\/div><\/div>[\/vc_column][vc_column width=\u00bb1\/2&#8243;]<div class=\"text_box  box_no_bgr \"><div class=\"text_box_content \"><h2>Nuestra Visi\u00f3n<\/h2>\n\t\t\t\t\t<p>Seremos una Cooperativa de Ahorro y Cr\u00e9dito, ejemplo de impulso de las microfinanzas en la Sierra Norte del Ecuador, logrando una sostenibilidad integral que promueve la inclusi\u00f3n comprobable.<\/p>\n\t\t\t\t<\/div><\/div>[\/vc_column][\/vc_row]<\/p>\n<\/div>","protected":false},"excerpt":{"rendered":"<p>[vc_row][vc_column][vc_single_image img_size=\u00bbmedium\u00bb alignment=\u00bbcenter\u00bb image=\u00bb2302&#8243;][\/vc_column][\/vc_row][vc_row][vc_column width=\u00bb1\/2&#8243;][\/vc_column][vc_column width=\u00bb1\/2&#8243;][\/vc_column][\/vc_row]<\/p>\n","protected":false},"author":3,"featured_media":0,"parent":0,"menu_order":0,"comment_status":"closed","ping_status":"closed","template":"","meta":{"_monsterinsights_skip_tracking":false,"_monsterinsights_sitenote_active":false,"_monsterinsights_sitenote_note":"","_monsterinsights_sitenote_category":0,"_uf_show_specific_survey":0,"_uf_disable_surveys":false,"footnotes":""},"aioseo_notices":[],"_links":{"self":[{"href":"https:\/\/www.coacsantaanita.fin.ec\/sitio\/wp-json\/wp\/v2\/pages\/41"}],"collection":[{"href":"https:\/\/www.coacsantaanita.fin.ec\/sitio\/wp-json\/wp\/v2\/pages"}],"about":[{"href":"https:\/\/www.coacsantaanita.fin.ec\/sitio\/wp-json\/wp\/v2\/types\/page"}],"author":[{"embeddable":true,"href":"https:\/\/www.coacsantaanita.fin.ec\/sitio\/wp-json\/wp\/v2\/users\/3"}],"replies":[{"embeddable":true,"href":"https:\/\/www.coacsantaanita.fin.ec\/sitio\/wp-json\/wp\/v2\/comments?post=41"}],"version-history":[{"count":13,"href":"https:\/\/www.coacsantaanita.fin.ec\/sitio\/wp-json\/wp\/v2\/pages\/41\/revisions"}],"predecessor-version":[{"id":2314,"href":"https:\/\/www.coacsantaanita.fin.ec\/sitio\/wp-json\/wp\/v2\/pages\/41\/revisions\/2314"}],"wp:attachment":[{"href":"https:\/\/www.coacsantaanita.fin.ec\/sitio\/wp-json\/wp\/v2\/media?parent=41"}],"curies":[{"name":"wp","href":"https:\/\/api.w.org\/{rel}","templated":true}]}}