{"id":390,"date":"2018-04-03T16:21:53","date_gmt":"2018-04-03T21:21:53","guid":{"rendered":"http:\/\/www.coacsantaanita.fin.ec\/sitio\/?page_id=390"},"modified":"2018-05-16T15:11:31","modified_gmt":"2018-05-16T20:11:31","slug":"planificacion-financiera","status":"publish","type":"page","link":"https:\/\/www.coacsantaanita.fin.ec\/sitio\/planificacion-financiera\/","title":{"rendered":"PLANIFICACI\u00d3N FINANCIERA"},"content":{"rendered":"<div class=\"wpb-content-wrapper\"><p>[vc_row][vc_column][\/vc_column][\/vc_row][vc_row][vc_column width=\u00bb3\/4&#8243;]<div class=\"text_box  box_no_bgr \"><div class=\"text_box_content \"><h2>MODULO 2<\/h2>\n\t\t\t\t\t<p><\/p>\n<h2>PLANIFICACI\u00d3N FINANCIERA<\/h2>\n<p>Contenido:<\/p>\n<ul>\n<li>Importancia y uso del presupuesto<\/li>\n<li>Elaboraci\u00f3n de un presupuesto<\/li>\n<\/ul>\n<p><\/p>\n\t\t\t\t<\/div><\/div>[vc_single_image img_size=\u00bbboc_medium\u00bb onclick=\u00bbcustom_link\u00bb img_link_target=\u00bb_blank\u00bb image=\u00bb617&#8243; link=\u00bbhttps:\/\/www.coacsantaanita.fin.ec\/sitio\/wp-content\/uploads\/2018\/05\/Santa-Anita-Modulo-2-Planificaci\u00f3n.pdf\u00bb][vc_column_text]Objetivo:<\/p>\n<p>Al finalizar este m\u00f3dulo las y los participantes comprender\u00e1n la importancia de elaborar un presupuesto, manejar las finanzas de su familia y obtener el m\u00e1ximo rendimiento de su dinero, tomar decisiones adecuadas de c\u00f3mo utilizar sus ingresos y controlar los gastos, para alcanzar sus metas financieras.[\/vc_column_text][\/vc_column][vc_column width=\u00bb1\/4&#8243;][vc_row_inner][vc_column_inner][\/vc_column_inner][\/vc_row_inner][vc_widget_sidebar sidebar_id=\u00bbshortcodes_sidebar\u00bb][\/vc_column][\/vc_row]<\/p>\n<\/div>","protected":false},"excerpt":{"rendered":"<p>[vc_row][vc_column][\/vc_column][\/vc_row][vc_row][vc_column width=\u00bb3\/4&#8243;][vc_single_image img_size=\u00bbboc_medium\u00bb onclick=\u00bbcustom_link\u00bb img_link_target=\u00bb_blank\u00bb image=\u00bb617&#8243; link=\u00bbhttps:\/\/www.coacsantaanita.fin.ec\/sitio\/wp-content\/uploads\/2018\/05\/Santa-Anita-Modulo-2-Planificaci\u00f3n.pdf\u00bb][vc_column_text]Objetivo: Al finalizar este m\u00f3dulo las y los participantes comprender\u00e1n la importancia de elaborar un presupuesto, manejar las finanzas de su familia y obtener el m\u00e1ximo rendimiento de su dinero, tomar decisiones adecuadas de c\u00f3mo utilizar sus ingresos y controlar los gastos, para alcanzar sus metas financieras.[\/vc_column_text][\/vc_column][vc_column width=\u00bb1\/4&#8243;][vc_row_inner][vc_column_inner][\/vc_column_inner][\/vc_row_inner][vc_widget_sidebar sidebar_id=\u00bbshortcodes_sidebar\u00bb][\/vc_column][\/vc_row]<\/p>\n","protected":false},"author":3,"featured_media":0,"parent":0,"menu_order":0,"comment_status":"closed","ping_status":"closed","template":"","meta":{"_monsterinsights_skip_tracking":false,"_monsterinsights_sitenote_active":false,"_monsterinsights_sitenote_note":"","_monsterinsights_sitenote_category":0,"_uf_show_specific_survey":0,"_uf_disable_surveys":false,"footnotes":""},"aioseo_notices":[],"_links":{"self":[{"href":"https:\/\/www.coacsantaanita.fin.ec\/sitio\/wp-json\/wp\/v2\/pages\/390"}],"collection":[{"href":"https:\/\/www.coacsantaanita.fin.ec\/sitio\/wp-json\/wp\/v2\/pages"}],"about":[{"href":"https:\/\/www.coacsantaanita.fin.ec\/sitio\/wp-json\/wp\/v2\/types\/page"}],"author":[{"embeddable":true,"href":"https:\/\/www.coacsantaanita.fin.ec\/sitio\/wp-json\/wp\/v2\/users\/3"}],"replies":[{"embeddable":true,"href":"https:\/\/www.coacsantaanita.fin.ec\/sitio\/wp-json\/wp\/v2\/comments?post=390"}],"version-history":[{"count":8,"href":"https:\/\/www.coacsantaanita.fin.ec\/sitio\/wp-json\/wp\/v2\/pages\/390\/revisions"}],"predecessor-version":[{"id":651,"href":"https:\/\/www.coacsantaanita.fin.ec\/sitio\/wp-json\/wp\/v2\/pages\/390\/revisions\/651"}],"wp:attachment":[{"href":"https:\/\/www.coacsantaanita.fin.ec\/sitio\/wp-json\/wp\/v2\/media?parent=390"}],"curies":[{"name":"wp","href":"https:\/\/api.w.org\/{rel}","templated":true}]}}