{"id":39,"date":"2018-03-16T16:31:43","date_gmt":"2018-03-16T21:31:43","guid":{"rendered":"http:\/\/www.coacsantaanita.fin.ec\/sitio\/?page_id=39"},"modified":"2025-01-13T15:57:44","modified_gmt":"2025-01-13T20:57:44","slug":"historia","status":"publish","type":"page","link":"https:\/\/www.coacsantaanita.fin.ec\/sitio\/historia\/","title":{"rendered":"HISTORIA"},"content":{"rendered":"<div class=\"wpb-content-wrapper\"><p>[vc_row][vc_column][\/vc_column][\/vc_row][vc_row][vc_column width=\u00bb1\/2&#8243;][vc_row_inner][vc_column_inner][\/vc_column_inner][\/vc_row_inner]<div class=\"text_box  box_no_bgr \"><div class=\"text_box_content \"><h2>Un Sue\u00f1o de crecimiento y Transformaci\u00f3n.<\/h2>\n\t\t\t\t\t<p><span data-olk-copy-source=\"MessageBody\">El 3 de diciembre de 2001 marc\u00f3 el inicio de un sue\u00f1o: la creaci\u00f3n de la Cooperativa de Ahorro y Cr\u00e9dito Santa Anita Ltda. Nacimos con el firme prop\u00f3sito de ser una fuente de apoyo econ\u00f3mico y desarrollo para las comunidades del norte del Ecuador. Respaldados por el Acuerdo Ministerial No. 00347, ahora legalmente registrados en la Superintendencia de Econom\u00eda Popular y Solidaria; e impulsados por la UNORCAC, nuestra misi\u00f3n siempre ha sido clara: transformar vidas, fortalecer econom\u00edas y ser el apoyo constante de sectores rurales, ayud\u00e1ndolos a construir un futuro m\u00e1s justo y pr\u00f3spero.<\/span><\/p>\n\t\t\t\t<\/div><\/div>[\/vc_column][vc_column width=\u00bb1\/2&#8243;][vc_single_image img_size=\u00bbboc_medium\u00bb alignment=\u00bbright\u00bb style=\u00bbvc_box_shadow_3d\u00bb image=\u00bb504&#8243;][\/vc_column][\/vc_row][vc_row][vc_column width=\u00bb1\/2&#8243;][vc_single_image img_size=\u00bbboc_medium\u00bb alignment=\u00bbcenter\u00bb style=\u00bbvc_box_shadow_3d\u00bb image=\u00bb497&#8243;][\/vc_column][vc_column width=\u00bb1\/2&#8243;]<div class=\"text_box  box_no_bgr \"><div class=\"text_box_content \"><h2>Expansi\u00f3n: Cada Oficina, Una Puerta a la Esperanza.<\/h2>\n\t\t\t\t\t<p><span data-olk-copy-source=\"MessageBody\">Desde nuestros primeros pasos, entendimos que el verdadero cambio se logra al estar cerca de quienes m\u00e1s nos necesitan. En 2006, absorbimos a la cooperativa \u00abLas Parcelas\u00bb y abrimos nuestra oficina en Mira, Carchi, expandiendo nuestro alcance. En 2008, reafirmamos nuestro compromiso con la apertura de agencias en San Rafael, cant\u00f3n Bol\u00edvar (Carchi), y en Atuntaqui, Antonio Ante (Imbabura). Cada apertura represent\u00f3 mucho m\u00e1s que un lugar f\u00edsico: era una promesa cumplida para nuestros socios, un puente hacia nuevas oportunidades.<\/span><\/p>\n\t\t\t\t<\/div><\/div>[\/vc_column][\/vc_row][vc_row][vc_column]<div class=\"text_box  box_no_bgr \"><div class=\"text_box_content \"><h2>Consolidaci\u00f3n: Apoyando a la Agricultura y el Emprendimiento.<\/h2>\n\t\t\t\t\t<p><span data-olk-copy-source=\"MessageBody\">Nuestro compromiso se afianz\u00f3 en 2009, con una oficina en Imantag, Cotacachi, en el coraz\u00f3n de una zona agr\u00edcola con gran potencial. En 2011 dimos un paso estrat\u00e9gico al abrir una oficina en Ibarra, consolid\u00e1ndonos como aliados de microempresarios urbanos y rurales. Cada proyecto apoyado, cada cr\u00e9dito otorgado, es un testimonio de nuestro rol como catalizadores del desarrollo econ\u00f3mico y social.<\/span><\/p>\n\t\t\t\t<\/div><\/div><div class=\"text_box  box_no_bgr \"><div class=\"text_box_content \"><h2>Nuevas Ventanillas, M\u00e1s Cerca de Nuestros Socios.<\/h2>\n\t\t\t\t\t<p><span data-olk-copy-source=\"MessageBody\">El crecimiento es parte de nuestra esencia. En 2019, abrimos ventanillas en San Gabriel, Mont\u00fafar (Carchi), y en San Blas, Urcuqu\u00ed (Imbabura), llevando nuestros servicios a agricultores, emprendedores y familias trabajadoras. En 2024, con la apertura de una agencia en Seis de Julio Cuellaje, reafirmamos nuestra dedicaci\u00f3n a los habitantes de zonas agr\u00edcolas, fortaleciendo su capacidad para transformar sus sue\u00f1os en realidad.<\/span><\/p>\n\t\t\t\t<\/div><\/div><div class=\"text_box  box_no_bgr \"><div class=\"text_box_content \"><h2>El Poder del Microcr\u00e9dito: Un Aliado para el Cambio.<\/h2>\n\t\t\t\t\t<p><span data-olk-copy-source=\"MessageBody\">Durante m\u00e1s de dos d\u00e9cadas, hemos demostrado que el microcr\u00e9dito es m\u00e1s que un servicio financiero: es una herramienta de empoderamiento. Desde peque\u00f1os agricultores hasta emprendedores y amas de casa, cada socio encuentra en Santa Anita un aliado dispuesto a caminar a su lado, transformando desaf\u00edos en logros y sue\u00f1os en metas alcanzadas.<\/span><\/p>\n\t\t\t\t<\/div><\/div><div class=\"text_box  box_no_bgr \"><div class=\"text_box_content \"><h2>Un Futuro que Construimos Juntos.<\/h2>\n\t\t\t\t\t<p><span data-olk-copy-source=\"MessageBody\">Cada oficina abierta, cada socio que conf\u00eda en nosotros, es un paso hacia un futuro lleno de esperanza y bienestar. Nuestra historia no solo es la de una instituci\u00f3n, sino la de miles de vidas transformadas. Seguimos comprometidos a ser esa fuerza de cambio, a construir juntos un ma\u00f1ana donde las oportunidades sean para todos. \u00a1En Santa Anita, nos apasiona seguir Creciendo con nuestra gente!<\/span><\/p>\n\t\t\t\t<\/div><\/div>[vc_row_inner][vc_column_inner]<div class=\"text_box  box_no_bgr \"><div class=\"text_box_content \"><h2>\u00bf QUIENES SON NUESTROS SOCIOS ?<\/h2>\n\t\t\t\t\t<p><\/p>\n\t\t\t\t<\/div><\/div>[\/vc_column_inner][\/vc_row_inner][vc_single_image image=\u00bb556&#8243;][\/vc_column][\/vc_row]<\/p>\n<\/div>","protected":false},"excerpt":{"rendered":"<p>[vc_row][vc_column][\/vc_column][\/vc_row][vc_row][vc_column width=\u00bb1\/2&#8243;][vc_row_inner][vc_column_inner][\/vc_column_inner][\/vc_row_inner][\/vc_column][vc_column width=\u00bb1\/2&#8243;][vc_single_image img_size=\u00bbboc_medium\u00bb alignment=\u00bbright\u00bb style=\u00bbvc_box_shadow_3d\u00bb image=\u00bb504&#8243;][\/vc_column][\/vc_row][vc_row][vc_column width=\u00bb1\/2&#8243;][vc_single_image img_size=\u00bbboc_medium\u00bb alignment=\u00bbcenter\u00bb style=\u00bbvc_box_shadow_3d\u00bb image=\u00bb497&#8243;][\/vc_column][vc_column width=\u00bb1\/2&#8243;][\/vc_column][\/vc_row][vc_row][vc_column][vc_row_inner][vc_column_inner][\/vc_column_inner][\/vc_row_inner][vc_single_image image=\u00bb556&#8243;][\/vc_column][\/vc_row]<\/p>\n","protected":false},"author":3,"featured_media":0,"parent":0,"menu_order":0,"comment_status":"closed","ping_status":"closed","template":"","meta":{"_monsterinsights_skip_tracking":false,"_monsterinsights_sitenote_active":false,"_monsterinsights_sitenote_note":"","_monsterinsights_sitenote_category":0,"_uf_show_specific_survey":0,"_uf_disable_surveys":false,"footnotes":""},"aioseo_notices":[],"_links":{"self":[{"href":"https:\/\/www.coacsantaanita.fin.ec\/sitio\/wp-json\/wp\/v2\/pages\/39"}],"collection":[{"href":"https:\/\/www.coacsantaanita.fin.ec\/sitio\/wp-json\/wp\/v2\/pages"}],"about":[{"href":"https:\/\/www.coacsantaanita.fin.ec\/sitio\/wp-json\/wp\/v2\/types\/page"}],"author":[{"embeddable":true,"href":"https:\/\/www.coacsantaanita.fin.ec\/sitio\/wp-json\/wp\/v2\/users\/3"}],"replies":[{"embeddable":true,"href":"https:\/\/www.coacsantaanita.fin.ec\/sitio\/wp-json\/wp\/v2\/comments?post=39"}],"version-history":[{"count":36,"href":"https:\/\/www.coacsantaanita.fin.ec\/sitio\/wp-json\/wp\/v2\/pages\/39\/revisions"}],"predecessor-version":[{"id":2298,"href":"https:\/\/www.coacsantaanita.fin.ec\/sitio\/wp-json\/wp\/v2\/pages\/39\/revisions\/2298"}],"wp:attachment":[{"href":"https:\/\/www.coacsantaanita.fin.ec\/sitio\/wp-json\/wp\/v2\/media?parent=39"}],"curies":[{"name":"wp","href":"https:\/\/api.w.org\/{rel}","templated":true}]}}