{"id":388,"date":"2018-04-03T16:21:37","date_gmt":"2018-04-03T21:21:37","guid":{"rendered":"http:\/\/www.coacsantaanita.fin.ec\/sitio\/?page_id=388"},"modified":"2018-05-16T15:09:37","modified_gmt":"2018-05-16T20:09:37","slug":"cooperativismo","status":"publish","type":"page","link":"https:\/\/www.coacsantaanita.fin.ec\/sitio\/cooperativismo\/","title":{"rendered":"COOPERATIVISMO"},"content":{"rendered":"<div class=\"wpb-content-wrapper\"><p>[vc_row][vc_column][\/vc_column][\/vc_row][vc_row][vc_column width=\u00bb3\/4&#8243;]<div class=\"text_box  box_no_bgr \"><div class=\"text_box_content \"><h2>MODULO 1<\/h2>\n\t\t\t\t\t<p><\/p>\n<h2>COOPERATIVISMO Y ECONOM\u00cdA POPULAR Y SOLIDARIA<\/h2>\n<p>Contenidos:<\/p>\n<ul>\n<li>Estructura y Funcionamiento de las instituciones del Sistema Financiero Popular y Solidario.<\/li>\n<li>\u00bfQue es una Cooperativa de Ahorro y Cr\u00e9dito?<\/li>\n<li>Filosof\u00eda Institucional de la Cooperativa Santa Anita.<\/li>\n<li>Productos y Servicios Institucionales.<\/li>\n<li>Derechos y Obligaciones de los Socios.<\/li>\n<\/ul>\n<p><\/p>\n\t\t\t\t<\/div><\/div>[vc_single_image onclick=\u00bbcustom_link\u00bb img_link_target=\u00bb_blank\u00bb image=\u00bb605&#8243; link=\u00bbhttps:\/\/www.coacsantaanita.fin.ec\/sitio\/wp-content\/uploads\/2018\/05\/Santa-Anita-Modulo-1-Cooperativismo.pdf\u00bb][vc_column_text]Objetivos:<\/p>\n<p>Al finalizar \u00e9ste m\u00f3dulo las y los participantes identificar\u00e1n las normas y disposiciones que los \u00f3rganos de control de la Econom\u00eda Popular y Solidaria han establecido para su regulaci\u00f3n, administraci\u00f3n, control, fomento y fortalecimiento.<br \/>\nAdicionalmente conocer\u00e1n la Filosof\u00eda Institucional de la Cooperativa de Ahorro y Cr\u00e9dito Santa Anita, los productos y servicios que brinda, los derechos y obligaciones de sus<br \/>\nsocios.[\/vc_column_text][\/vc_column][vc_column width=\u00bb1\/4&#8243;][vc_row_inner][vc_column_inner][\/vc_column_inner][\/vc_row_inner][vc_widget_sidebar sidebar_id=\u00bbshortcodes_sidebar\u00bb][\/vc_column][\/vc_row]<\/p>\n<\/div>","protected":false},"excerpt":{"rendered":"<p>[vc_row][vc_column][\/vc_column][\/vc_row][vc_row][vc_column width=\u00bb3\/4&#8243;][vc_single_image onclick=\u00bbcustom_link\u00bb img_link_target=\u00bb_blank\u00bb image=\u00bb605&#8243; link=\u00bbhttps:\/\/www.coacsantaanita.fin.ec\/sitio\/wp-content\/uploads\/2018\/05\/Santa-Anita-Modulo-1-Cooperativismo.pdf\u00bb][vc_column_text]Objetivos: Al finalizar \u00e9ste m\u00f3dulo las y los participantes identificar\u00e1n las normas y disposiciones que los \u00f3rganos de control de la Econom\u00eda Popular y Solidaria han establecido para su regulaci\u00f3n, administraci\u00f3n, control, fomento y fortalecimiento. Adicionalmente conocer\u00e1n la Filosof\u00eda Institucional de la Cooperativa de Ahorro y Cr\u00e9dito Santa Anita, los productos y servicios que brinda,<\/p>\n<div class=\"h10\"><\/div>\n<p><a class=\"more-link2 flat\" href=\"https:\/\/www.coacsantaanita.fin.ec\/sitio\/cooperativismo\/\">Read more<\/a><\/p>\n","protected":false},"author":3,"featured_media":0,"parent":0,"menu_order":0,"comment_status":"closed","ping_status":"closed","template":"","meta":{"_monsterinsights_skip_tracking":false,"_monsterinsights_sitenote_active":false,"_monsterinsights_sitenote_note":"","_monsterinsights_sitenote_category":0,"_uf_show_specific_survey":0,"_uf_disable_surveys":false,"footnotes":""},"aioseo_notices":[],"_links":{"self":[{"href":"https:\/\/www.coacsantaanita.fin.ec\/sitio\/wp-json\/wp\/v2\/pages\/388"}],"collection":[{"href":"https:\/\/www.coacsantaanita.fin.ec\/sitio\/wp-json\/wp\/v2\/pages"}],"about":[{"href":"https:\/\/www.coacsantaanita.fin.ec\/sitio\/wp-json\/wp\/v2\/types\/page"}],"author":[{"embeddable":true,"href":"https:\/\/www.coacsantaanita.fin.ec\/sitio\/wp-json\/wp\/v2\/users\/3"}],"replies":[{"embeddable":true,"href":"https:\/\/www.coacsantaanita.fin.ec\/sitio\/wp-json\/wp\/v2\/comments?post=388"}],"version-history":[{"count":17,"href":"https:\/\/www.coacsantaanita.fin.ec\/sitio\/wp-json\/wp\/v2\/pages\/388\/revisions"}],"predecessor-version":[{"id":650,"href":"https:\/\/www.coacsantaanita.fin.ec\/sitio\/wp-json\/wp\/v2\/pages\/388\/revisions\/650"}],"wp:attachment":[{"href":"https:\/\/www.coacsantaanita.fin.ec\/sitio\/wp-json\/wp\/v2\/media?parent=388"}],"curies":[{"name":"wp","href":"https:\/\/api.w.org\/{rel}","templated":true}]}}