{"id":142,"date":"2018-03-19T16:09:47","date_gmt":"2018-03-19T21:09:47","guid":{"rendered":"http:\/\/www.coacsantaanita.fin.ec\/sitio\/?page_id=142"},"modified":"2025-05-26T10:17:24","modified_gmt":"2025-05-26T15:17:24","slug":"credito-consumo","status":"publish","type":"page","link":"https:\/\/www.coacsantaanita.fin.ec\/sitio\/credito-consumo\/","title":{"rendered":"CR\u00c9DITO CONSUMO"},"content":{"rendered":"<div class=\"wpb-content-wrapper\"><p>[vc_row][vc_column][vc_single_image image=\u00bb2371&#8243;]<div class=\"price_column  \"><ul><li class=\"price_column_title\">Beneficios<\/li><li>El Cr\u00e9dito de Consumo te permite cubrir gastos personales con total comodidad y respaldo. Adem\u00e1s, te ayuda a crear o fortalecer tu historial crediticio, lo cual facilita el acceso a futuros productos financieros. Recibes asesor\u00eda personalizada para que el cr\u00e9dito se ajuste a tu capacidad de pago y necesidades reales.<\/li><\/ul><\/div><div class=\"price_column  \"><ul><li class=\"price_column_title\">Requisitos<\/li><li><span data-olk-copy-source=\"MessageBody\">Para acceder al cr\u00e9dito, debes presentar la solicitud de cr\u00e9dito junto con la c\u00e9dula y certificado de votaci\u00f3n del solicitante, c\u00f3nyuge y garante (cuando aplique). Tambi\u00e9n se requiere una planilla de servicio b\u00e1sico del domicilio, con una antig\u00fcedad no mayor a 60 d\u00edas. En caso de que presentes una garant\u00eda, deber\u00e1s entregar la copia del impuesto predial del \u00faltimo periodo o las escrituras del bien si es una propiedad recientemente adquirida, o la copia de la matr\u00edcula del veh\u00edculo si se trata de una garant\u00eda vehicular.<\/span><\/li><\/ul><\/div>[\/vc_column][\/vc_row]<\/p>\n<\/div>","protected":false},"excerpt":{"rendered":"<p>[vc_row][vc_column][vc_single_image image=\u00bb2371&#8243;][\/vc_column][\/vc_row]<\/p>\n","protected":false},"author":3,"featured_media":0,"parent":0,"menu_order":0,"comment_status":"closed","ping_status":"closed","template":"","meta":{"_monsterinsights_skip_tracking":false,"_monsterinsights_sitenote_active":false,"_monsterinsights_sitenote_note":"","_monsterinsights_sitenote_category":0,"_uf_show_specific_survey":0,"_uf_disable_surveys":false,"footnotes":""},"aioseo_notices":[],"_links":{"self":[{"href":"https:\/\/www.coacsantaanita.fin.ec\/sitio\/wp-json\/wp\/v2\/pages\/142"}],"collection":[{"href":"https:\/\/www.coacsantaanita.fin.ec\/sitio\/wp-json\/wp\/v2\/pages"}],"about":[{"href":"https:\/\/www.coacsantaanita.fin.ec\/sitio\/wp-json\/wp\/v2\/types\/page"}],"author":[{"embeddable":true,"href":"https:\/\/www.coacsantaanita.fin.ec\/sitio\/wp-json\/wp\/v2\/users\/3"}],"replies":[{"embeddable":true,"href":"https:\/\/www.coacsantaanita.fin.ec\/sitio\/wp-json\/wp\/v2\/comments?post=142"}],"version-history":[{"count":8,"href":"https:\/\/www.coacsantaanita.fin.ec\/sitio\/wp-json\/wp\/v2\/pages\/142\/revisions"}],"predecessor-version":[{"id":2451,"href":"https:\/\/www.coacsantaanita.fin.ec\/sitio\/wp-json\/wp\/v2\/pages\/142\/revisions\/2451"}],"wp:attachment":[{"href":"https:\/\/www.coacsantaanita.fin.ec\/sitio\/wp-json\/wp\/v2\/media?parent=142"}],"curies":[{"name":"wp","href":"https:\/\/api.w.org\/{rel}","templated":true}]}}