{"id":140,"date":"2018-03-19T16:09:21","date_gmt":"2018-03-19T21:09:21","guid":{"rendered":"http:\/\/www.coacsantaanita.fin.ec\/sitio\/?page_id=140"},"modified":"2025-05-26T10:31:28","modified_gmt":"2025-05-26T15:31:28","slug":"credito-microempresarial","status":"publish","type":"page","link":"https:\/\/www.coacsantaanita.fin.ec\/sitio\/credito-microempresarial\/","title":{"rendered":"CR\u00c9DITO MICROEMPRESARIAL"},"content":{"rendered":"<div class=\"wpb-content-wrapper\"><p>[vc_row][vc_column][vc_single_image image=\u00bb2370&#8243;]<div class=\"price_column  \"><ul><li class=\"price_column_title\">Beneficios<\/li><li>El Cr\u00e9dito Microempresarial est\u00e1 pensado para ayudarte a hacer crecer tu negocio con condiciones justas y accesibles. Accedes a tasas de inter\u00e9s competitivas, lo que significa que puedes financiarte sin pagar de m\u00e1s. No cobramos Encaje, por lo que puedes usar el monto completo para invertir en lo que realmente necesitas. Adem\u00e1s, al cumplir con tus pagos, estar\u00e1s construyendo o fortaleciendo tu historial crediticio, lo que te abrir\u00e1 nuevas oportunidades financieras en el futuro.<\/li><\/ul><\/div><div class=\"price_column  \"><ul><li class=\"price_column_title\">Requisitos<\/li><li><\/p>\n<div class=\"x_elementToProof\" style=\"text-align: left;\" data-olk-copy-source=\"MessageBody\">Para acceder al cr\u00e9dito, los documentos que debes presentar dependen de tu ocupaci\u00f3n.<\/div>\n<div class=\"x_elementToProof\" style=\"text-align: left;\">Si eres empleado formal, necesitas un certificado laboral o mecanizado del IESS y los tres \u00faltimos roles de pago o un estado de cuenta donde se vea tu ingreso.<\/div>\n<div class=\"x_elementToProof\" style=\"text-align: left;\">Si eres empleado informal, deber\u00e1s presentar un certificado de trabajo que indique cu\u00e1nto ganas, cu\u00e1nto tiempo llevas trabajando y tu cargo, junto con una copia de la c\u00e9dula de quien emite el certificado.<\/div>\n<div class=\"x_elementToProof\" style=\"text-align: left;\">Si eres jubilado, debes entregar el estado de cuenta de la instituci\u00f3n donde recibes tu pensi\u00f3n.<\/div>\n<div class=\"x_elementToProof\" style=\"text-align: left;\">Si eres comerciante, prestador de servicios o productor formal, necesitas una copia de tu RUC o RIMPE y las tres \u00faltimas declaraciones de IVA.<\/div>\n<div class=\"x_elementToProof\" style=\"text-align: left;\">Y si trabajas de manera informal en comercio, servicios o producci\u00f3n, puedes presentar copias de facturas, gu\u00edas de movilizaci\u00f3n, notas de venta u otros documentos que ayuden a demostrar tu actividad econ\u00f3mica.<\/div>\n<p><\/li><\/ul><\/div>[\/vc_column][\/vc_row]<\/p>\n<\/div>","protected":false},"excerpt":{"rendered":"<p>[vc_row][vc_column][vc_single_image image=\u00bb2370&#8243;][\/vc_column][\/vc_row]<\/p>\n","protected":false},"author":3,"featured_media":0,"parent":0,"menu_order":0,"comment_status":"closed","ping_status":"closed","template":"","meta":{"_monsterinsights_skip_tracking":false,"_monsterinsights_sitenote_active":false,"_monsterinsights_sitenote_note":"","_monsterinsights_sitenote_category":0,"_uf_show_specific_survey":0,"_uf_disable_surveys":false,"footnotes":""},"aioseo_notices":[],"_links":{"self":[{"href":"https:\/\/www.coacsantaanita.fin.ec\/sitio\/wp-json\/wp\/v2\/pages\/140"}],"collection":[{"href":"https:\/\/www.coacsantaanita.fin.ec\/sitio\/wp-json\/wp\/v2\/pages"}],"about":[{"href":"https:\/\/www.coacsantaanita.fin.ec\/sitio\/wp-json\/wp\/v2\/types\/page"}],"author":[{"embeddable":true,"href":"https:\/\/www.coacsantaanita.fin.ec\/sitio\/wp-json\/wp\/v2\/users\/3"}],"replies":[{"embeddable":true,"href":"https:\/\/www.coacsantaanita.fin.ec\/sitio\/wp-json\/wp\/v2\/comments?post=140"}],"version-history":[{"count":9,"href":"https:\/\/www.coacsantaanita.fin.ec\/sitio\/wp-json\/wp\/v2\/pages\/140\/revisions"}],"predecessor-version":[{"id":2453,"href":"https:\/\/www.coacsantaanita.fin.ec\/sitio\/wp-json\/wp\/v2\/pages\/140\/revisions\/2453"}],"wp:attachment":[{"href":"https:\/\/www.coacsantaanita.fin.ec\/sitio\/wp-json\/wp\/v2\/media?parent=140"}],"curies":[{"name":"wp","href":"https:\/\/api.w.org\/{rel}","templated":true}]}}