{"id":125,"date":"2018-03-19T15:44:43","date_gmt":"2018-03-19T20:44:43","guid":{"rendered":"http:\/\/www.coacsantaanita.fin.ec\/sitio\/?page_id=125"},"modified":"2025-05-26T15:12:46","modified_gmt":"2025-05-26T20:12:46","slug":"mi-primer-ahorro","status":"publish","type":"page","link":"https:\/\/www.coacsantaanita.fin.ec\/sitio\/mi-primer-ahorro\/","title":{"rendered":"MI PRIMER AHORRO"},"content":{"rendered":"<div class=\"wpb-content-wrapper\"><p>[vc_row][vc_column][vc_single_image alignment=\u00bbcenter\u00bb image=\u00bb2367&#8243;][vc_row_inner][vc_column_inner]<div class=\"price_column  \"><ul><li class=\"price_column_title\">Beneficios<\/li><li>Con Mi Primera Ahorro, los menores aprenden el h\u00e1bito del ahorro y se familiarizan con el sistema financiero. Los fondos est\u00e1n protegidos por el Seguro de Dep\u00f3sitos \u2013 COSEDE. Adem\u00e1s, se ofrece educaci\u00f3n financiera personalizada y acceso a campa\u00f1as con premios seg\u00fan el ahorro acumulado. Tambi\u00e9n, el saldo y los movimientos son accesibles en l\u00ednea, lo que permite a los menores llevar un control de sus finanzas. La cuenta permite acceder a productos adicionales como seguros de vida y ahorros programados.<\/li><\/ul><\/div><div class=\"price_column  \"><ul><li class=\"price_column_title\">Requisitos<\/li><li>Para abrir una cuenta, se necesita presentar el documento de identificaci\u00f3n original del representante legal y del menor, o su partida de nacimiento. Tambi\u00e9n se requiere copia de la c\u00e9dula y certificado de votaci\u00f3n del representante. Adem\u00e1s, se debe hacer un dep\u00f3sito de $1.00 para abrir la cuenta.<\/li><\/ul><\/div>[\/vc_column_inner][\/vc_row_inner][\/vc_column][\/vc_row]<\/p>\n<\/div>","protected":false},"excerpt":{"rendered":"<p>[vc_row][vc_column][vc_single_image alignment=\u00bbcenter\u00bb image=\u00bb2367&#8243;][vc_row_inner][vc_column_inner][\/vc_column_inner][\/vc_row_inner][\/vc_column][\/vc_row]<\/p>\n","protected":false},"author":3,"featured_media":0,"parent":0,"menu_order":0,"comment_status":"closed","ping_status":"closed","template":"","meta":{"_monsterinsights_skip_tracking":false,"_monsterinsights_sitenote_active":false,"_monsterinsights_sitenote_note":"","_monsterinsights_sitenote_category":0,"_uf_show_specific_survey":0,"_uf_disable_surveys":false,"footnotes":""},"aioseo_notices":[],"_links":{"self":[{"href":"https:\/\/www.coacsantaanita.fin.ec\/sitio\/wp-json\/wp\/v2\/pages\/125"}],"collection":[{"href":"https:\/\/www.coacsantaanita.fin.ec\/sitio\/wp-json\/wp\/v2\/pages"}],"about":[{"href":"https:\/\/www.coacsantaanita.fin.ec\/sitio\/wp-json\/wp\/v2\/types\/page"}],"author":[{"embeddable":true,"href":"https:\/\/www.coacsantaanita.fin.ec\/sitio\/wp-json\/wp\/v2\/users\/3"}],"replies":[{"embeddable":true,"href":"https:\/\/www.coacsantaanita.fin.ec\/sitio\/wp-json\/wp\/v2\/comments?post=125"}],"version-history":[{"count":17,"href":"https:\/\/www.coacsantaanita.fin.ec\/sitio\/wp-json\/wp\/v2\/pages\/125\/revisions"}],"predecessor-version":[{"id":2458,"href":"https:\/\/www.coacsantaanita.fin.ec\/sitio\/wp-json\/wp\/v2\/pages\/125\/revisions\/2458"}],"wp:attachment":[{"href":"https:\/\/www.coacsantaanita.fin.ec\/sitio\/wp-json\/wp\/v2\/media?parent=125"}],"curies":[{"name":"wp","href":"https:\/\/api.w.org\/{rel}","templated":true}]}}