{"id":121,"date":"2018-03-19T15:43:27","date_gmt":"2018-03-19T20:43:27","guid":{"rendered":"http:\/\/www.coacsantaanita.fin.ec\/sitio\/?page_id=121"},"modified":"2026-04-07T13:14:14","modified_gmt":"2026-04-07T18:14:14","slug":"ahorros-socios","status":"publish","type":"page","link":"https:\/\/www.coacsantaanita.fin.ec\/sitio\/ahorros-socios\/","title":{"rendered":"AHORROS A LA VISTA"},"content":{"rendered":"<div class=\"wpb-content-wrapper\"><p>[vc_row][vc_column][vc_single_image alignment=\u00bbcenter\u00bb image=\u00bb2364&#8243;]<div class=\"price_column  \"><ul><li class=\"price_column_title\">Requisitos<\/li><li><\/p>\n<div class=\"x_x_elementToProof\" style=\"text-align: left;\" data-olk-copy-source=\"MessageBody\">Ser socio en\u00a0<b>Santa Anita<\/b>\u00a0es f\u00e1cil y te brinda grandes beneficios. Solo necesitas ser mayor de 18 a\u00f1os, realizar un dep\u00f3sito de apertura de\u00a0<b>$21 <\/b>\u00a0(<b> $6 ahorro m\u00ednimo bloqueado y $ 15 en certificados de aportaci\u00f3n<\/b>). Tambi\u00e9n presentar\u00e1s tu c\u00e9dula de identidad, certificado de votaci\u00f3n y una planilla de servicio b\u00e1sico actual<\/div>\n<div class=\"x_x_elementToProof\" style=\"text-align: left;\"><b>\u00a1\u00danete hoy y disfruta de seguridad, confianza y excelentes oportunidades para tu futuro financiero!<\/b><\/div>\n<p><\/li><\/ul><\/div><div class=\"price_column  \"><ul><li class=\"price_column_title\">Beneficios<\/li><li><\/p>\n<p style=\"text-align: left;\">Disfruta de beneficios como: participar en la\u00a0<b>Asamblea de Representantes<\/b>,\u00a0<b>educaci\u00f3n financiera personalizada<\/b>, y ahorros\u00a0<b>protegidos por COSEDE<\/b>. Adem\u00e1s, tus intereses se\u00a0<b>acreditan mensualmente<\/b>, puedes obtener\u00a0<b>obsequios<\/b>\u00a0seg\u00fan tu ahorro y gestionar tu cuenta a trav\u00e9s de nuestra\u00a0<b>plataforma digital<\/b>. Tambi\u00e9n accedes a\u00a0<b>seguros, cr\u00e9ditos y m\u00e1s<\/b>. \u00a1Tu dinero seguro y con grandes ventajas!<\/p>\n<p><\/li><\/ul><\/div>[\/vc_column][\/vc_row]<\/p>\n<\/div>","protected":false},"excerpt":{"rendered":"<p>[vc_row][vc_column][vc_single_image alignment=\u00bbcenter\u00bb image=\u00bb2364&#8243;][\/vc_column][\/vc_row]<\/p>\n","protected":false},"author":3,"featured_media":0,"parent":0,"menu_order":0,"comment_status":"closed","ping_status":"closed","template":"","meta":{"_monsterinsights_skip_tracking":false,"_monsterinsights_sitenote_active":false,"_monsterinsights_sitenote_note":"","_monsterinsights_sitenote_category":0,"_uf_show_specific_survey":0,"_uf_disable_surveys":false,"footnotes":""},"aioseo_notices":[],"_links":{"self":[{"href":"https:\/\/www.coacsantaanita.fin.ec\/sitio\/wp-json\/wp\/v2\/pages\/121"}],"collection":[{"href":"https:\/\/www.coacsantaanita.fin.ec\/sitio\/wp-json\/wp\/v2\/pages"}],"about":[{"href":"https:\/\/www.coacsantaanita.fin.ec\/sitio\/wp-json\/wp\/v2\/types\/page"}],"author":[{"embeddable":true,"href":"https:\/\/www.coacsantaanita.fin.ec\/sitio\/wp-json\/wp\/v2\/users\/3"}],"replies":[{"embeddable":true,"href":"https:\/\/www.coacsantaanita.fin.ec\/sitio\/wp-json\/wp\/v2\/comments?post=121"}],"version-history":[{"count":19,"href":"https:\/\/www.coacsantaanita.fin.ec\/sitio\/wp-json\/wp\/v2\/pages\/121\/revisions"}],"predecessor-version":[{"id":2744,"href":"https:\/\/www.coacsantaanita.fin.ec\/sitio\/wp-json\/wp\/v2\/pages\/121\/revisions\/2744"}],"wp:attachment":[{"href":"https:\/\/www.coacsantaanita.fin.ec\/sitio\/wp-json\/wp\/v2\/media?parent=121"}],"curies":[{"name":"wp","href":"https:\/\/api.w.org\/{rel}","templated":true}]}}